{"id":23,"date":"2025-09-03T14:18:55","date_gmt":"2025-09-03T12:18:55","guid":{"rendered":"https:\/\/www.fabricaeljamoncito.camposvarea.es\/?page_id=23"},"modified":"2025-09-03T14:20:06","modified_gmt":"2025-09-03T12:20:06","slug":"jamoncito","status":"publish","type":"page","link":"https:\/\/www.fabricaeljamoncito.camposvarea.es\/?page_id=23","title":{"rendered":"INICIO"},"content":{"rendered":"<div class=\"wp-block-site-logo\"><a href=\"https:\/\/www.fabricaeljamoncito.camposvarea.es\/\" class=\"custom-logo-link\" rel=\"home\"><img loading=\"lazy\" decoding=\"async\" width=\"571\" height=\"162\" src=\"https:\/\/www.fabricaeljamoncito.camposvarea.es\/wp-content\/uploads\/2025\/09\/logo-fabrica-sin-fondo.png\" class=\"custom-logo\" alt=\"fabrica el Jamoncito\" srcset=\"https:\/\/www.fabricaeljamoncito.camposvarea.es\/wp-content\/uploads\/2025\/09\/logo-fabrica-sin-fondo.png 1024w, https:\/\/www.fabricaeljamoncito.camposvarea.es\/wp-content\/uploads\/2025\/09\/logo-fabrica-sin-fondo-300x86.png 300w, https:\/\/www.fabricaeljamoncito.camposvarea.es\/wp-content\/uploads\/2025\/09\/logo-fabrica-sin-fondo-768x219.png 768w, https:\/\/www.fabricaeljamoncito.camposvarea.es\/wp-content\/uploads\/2025\/09\/logo-fabrica-sin-fondo-600x171.png 600w\" sizes=\"auto, (max-width: 571px) 100vw, 571px\" \/><\/a><\/div>\n\n\n<figure class=\"wp-block-image size-large is-resized\"><img loading=\"lazy\" decoding=\"async\" width=\"768\" height=\"1024\" src=\"https:\/\/www.fabricaeljamoncito.camposvarea.es\/wp-content\/uploads\/2025\/09\/crioollo--768x1024.jpg\" alt=\"\" class=\"wp-image-24\" style=\"width:350px;height:auto\" srcset=\"https:\/\/www.fabricaeljamoncito.camposvarea.es\/wp-content\/uploads\/2025\/09\/crioollo--768x1024.jpg 768w, https:\/\/www.fabricaeljamoncito.camposvarea.es\/wp-content\/uploads\/2025\/09\/crioollo--225x300.jpg 225w, https:\/\/www.fabricaeljamoncito.camposvarea.es\/wp-content\/uploads\/2025\/09\/crioollo--1152x1536.jpg 1152w, https:\/\/www.fabricaeljamoncito.camposvarea.es\/wp-content\/uploads\/2025\/09\/crioollo--1536x2048.jpg 1536w, https:\/\/www.fabricaeljamoncito.camposvarea.es\/wp-content\/uploads\/2025\/09\/crioollo--600x800.jpg 600w, https:\/\/www.fabricaeljamoncito.camposvarea.es\/wp-content\/uploads\/2025\/09\/crioollo--scaled.jpg 1920w\" sizes=\"auto, (max-width: 768px) 100vw, 768px\" \/><\/figure>\n\n\n\n<p>RECIEN HECHO , DIRECTO A TU CASA &#8230;&#8230;..<\/p>\n\n\n\n<figure class=\"wp-block-image size-full is-resized\"><img loading=\"lazy\" decoding=\"async\" width=\"768\" height=\"1024\" src=\"https:\/\/www.fabricaeljamoncito.camposvarea.es\/wp-content\/uploads\/2025\/09\/chori-brasa.jpg\" alt=\"\" class=\"wp-image-33\" style=\"width:350px;height:auto\" srcset=\"https:\/\/www.fabricaeljamoncito.camposvarea.es\/wp-content\/uploads\/2025\/09\/chori-brasa.jpg 768w, https:\/\/www.fabricaeljamoncito.camposvarea.es\/wp-content\/uploads\/2025\/09\/chori-brasa-225x300.jpg 225w, https:\/\/www.fabricaeljamoncito.camposvarea.es\/wp-content\/uploads\/2025\/09\/chori-brasa-600x800.jpg 600w\" sizes=\"auto, (max-width: 768px) 100vw, 768px\" \/><\/figure>\n\n\n\n<p>CHORIZO CRIOLLO EL JAMONCITO <\/p>\n\n\n\n<div class=\"wp-block-buttons is-layout-flex wp-block-buttons-is-layout-flex\">\n<div class=\"wp-block-button\"><a class=\"wp-block-button__link wp-element-button\">COMPRA AHORA <\/a><\/div>\n<\/div>\n\n\n\n<hr class=\"wp-block-separator has-alpha-channel-opacity\"\/>\n\n\n\n<figure class=\"wp-block-image is-resized\"><img decoding=\"async\" src=\"https:\/\/media.istockphoto.com\/id\/523865884\/es\/foto\/chorizo-espa%C3%B1ol-preparado.jpg?s=612x612&amp;w=0&amp;k=20&amp;c=SFZS-2VP_Ll5taFDHwuORvZs-0Whto4QiXAFOXcDlxE=\" alt=\"chorizo espa\u00f1ol preparado - chorizo criollo fotograf\u00edas e im\u00e1genes de stock\" style=\"width:309px;height:auto\"\/><\/figure>\n\n\n\n<p>EL UNICO QUE NO LLEVA CONSERVANTE QUIMICOS, NI GLUTEN , NI LACTOSA. <\/p>\n\n\n\n<details class=\"wp-block-details is-layout-flow wp-block-details-is-layout-flow\"><summary>RESE\u00d1AS<\/summary>\n<div class=\"wp-block-columns is-layout-flex wp-container-core-columns-is-layout-28f84493 wp-block-columns-is-layout-flex\">\n<div class=\"wp-block-column is-layout-flow wp-block-column-is-layout-flow\" style=\"flex-basis:100%\"><ol class=\"has-avatars has-dates has-excerpts wp-block-latest-comments\"><li class=\"wp-block-latest-comments__comment\"><img alt='' src='https:\/\/secure.gravatar.com\/avatar\/8e1606e6fba450a9362af43874c1b2dfad34c782e33d0a51e1b46c18a2a567dd?s=48&#038;d=mm&#038;r=g' srcset='https:\/\/secure.gravatar.com\/avatar\/8e1606e6fba450a9362af43874c1b2dfad34c782e33d0a51e1b46c18a2a567dd?s=96&#038;d=mm&#038;r=g 2x' class='avatar avatar-48 photo wp-block-latest-comments__comment-avatar' height='48' width='48' \/><article><footer class=\"wp-block-latest-comments__comment-meta\"><a class=\"wp-block-latest-comments__comment-author\" href=\"https:\/\/es.wordpress.org\/\">Un comentarista de WordPress<\/a> en <a class=\"wp-block-latest-comments__comment-link\" href=\"https:\/\/www.fabricaeljamoncito.camposvarea.es\/?p=1#comment-1\">\u00a1EL MEJOR SIN DUDA !<\/a><time datetime=\"2025-08-27T06:56:49+02:00\" class=\"wp-block-latest-comments__comment-date\">27 de agosto de 2025<\/time><\/footer><div class=\"wp-block-latest-comments__comment-excerpt\"><p>Hola, esto es un comentario. Para empezar a moderar, editar y borrar comentarios, por favor, visita en el escritorio la&hellip;<\/p>\n<\/div><\/article><\/li><\/ol><\/div>\n<\/div>\n<\/details>\n\n\n\n<p><\/p>\n","protected":false},"excerpt":{"rendered":"<p>RECIEN HECHO , DIRECTO A TU CASA &#8230;&#8230;.. CHORIZO CRIOLLO EL JAMONCITO EL UNICO QUE NO LLEVA CONSERVANTE QUIMICOS, NI GLUTEN , NI LACTOSA.<\/p>\n","protected":false},"author":2,"featured_media":0,"parent":0,"menu_order":0,"comment_status":"closed","ping_status":"closed","template":"","meta":{"footnotes":""},"class_list":["post-23","page","type-page","status-publish","hentry"],"_links":{"self":[{"href":"https:\/\/www.fabricaeljamoncito.camposvarea.es\/index.php?rest_route=\/wp\/v2\/pages\/23","targetHints":{"allow":["GET"]}}],"collection":[{"href":"https:\/\/www.fabricaeljamoncito.camposvarea.es\/index.php?rest_route=\/wp\/v2\/pages"}],"about":[{"href":"https:\/\/www.fabricaeljamoncito.camposvarea.es\/index.php?rest_route=\/wp\/v2\/types\/page"}],"author":[{"embeddable":true,"href":"https:\/\/www.fabricaeljamoncito.camposvarea.es\/index.php?rest_route=\/wp\/v2\/users\/2"}],"replies":[{"embeddable":true,"href":"https:\/\/www.fabricaeljamoncito.camposvarea.es\/index.php?rest_route=%2Fwp%2Fv2%2Fcomments&post=23"}],"version-history":[{"count":8,"href":"https:\/\/www.fabricaeljamoncito.camposvarea.es\/index.php?rest_route=\/wp\/v2\/pages\/23\/revisions"}],"predecessor-version":[{"id":35,"href":"https:\/\/www.fabricaeljamoncito.camposvarea.es\/index.php?rest_route=\/wp\/v2\/pages\/23\/revisions\/35"}],"wp:attachment":[{"href":"https:\/\/www.fabricaeljamoncito.camposvarea.es\/index.php?rest_route=%2Fwp%2Fv2%2Fmedia&parent=23"}],"curies":[{"name":"wp","href":"https:\/\/api.w.org\/{rel}","templated":true}]}}